{"id":10924,"date":"2021-05-17T07:08:54","date_gmt":"2021-05-17T07:08:54","guid":{"rendered":"http:\/\/grupocronoscr.com\/?page_id=10924"},"modified":"2025-07-23T06:23:43","modified_gmt":"2025-07-23T12:23:43","slug":"brizy-10924","status":"publish","type":"page","link":"http:\/\/grupocronoscr.com\/?page_id=10924","title":{"rendered":"Bienes Ra\u00edces"},"content":{"rendered":"<div class=\"brz-root__container brz-reset-all brz brz-root__container-page\">\n<section id=\"_wawrvepsqibojeaoydtkagzreaqtnqgvbsif\" class=\"brz-section brz-css-id20vp\">\n<div class=\"brz-section__content brz-section--boxed brz-css-dki97m brz-css-c71ind\" data-brz-custom-id=\"zplcmqzosbdxzgipdvwetjpzbhorfctgetrn\">\n<div class=\"brz-bg\">\n<div class=\"brz-bg-image\"><\/div>\n<div data-type=\"youtube\" data-key=\"u_j4DtjP8Pg\" data-loop=\"true\" data-start=\"0\" class=\"brz-bg-video\"><\/div>\n<div class=\"brz-bg-color\"><\/div>\n<\/div>\n<div class=\"brz-container brz-css-w42sik brz-css-16yylnu\">\n<div id=\"\" class=\"brz-css-79bbhp brz-wrapper\">\n<div class=\"brz-rich-text brz-rich-text__custom brz-css-1996r2y\" data-brz-custom-id=\"dujpdnotsjvleiyjagwwxvkzitbunixpqwxo\">\n<div data-brz-translate-text=\"1\">\n<h2 class=\"brz-tp-heading2 brz-text-lg-center brz-css-xeNJO\"><span class=\"brz-cp-color1\">Bienes Ra\u00edces<\/span><\/h2>\n<\/div>\n<\/div>\n<\/div>\n<div id=\"\" class=\"brz-css-79bbhp brz-css-1shyued brz-css-lzn4o6 brz-wrapper\">\n<div class=\"brz-spacer brz-css-1o28etk brz-css-hett3l\"><\/div>\n<\/div>\n<div class=\"brz-wrapper-clone brz-css-1ehvjii brz-css-1r7o6ft\">\n<div class=\"brz-d-xs-flex brz-flex-xs-wrap brz-css-150s4jn\" data-brz-custom-id=\"\">\n<div class=\"brz-wrapper-clone__item\" id=\"wsskkmeukijtzmmgmdczdqyocrfbovymkkze\"><a class=\"brz-a brz-btn brz-css-e4h64r brz-css-1a6trxz brz-css-12rhet7 brz-css-1ezwvzf\" href=\"https:\/\/cronosbienesraices.cr\/\" target=\"_blank\" rel=\"noopener\" data-brz-link-type=\"external\" data-brz-custom-id=\"wsskkmeukijtzmmgmdczdqyocrfbovymkkze\"><span data-brz-translate-text=\"1\" class=\"brz-span brz-text__editor\">VISITA NUESTRO SITIO WEB DE BIENES RA\u00cdCES<\/span><\/a><\/div>\n<\/div>\n<\/div>\n<\/div>\n<\/div>\n<\/section>\n<\/div>\n<p>    <!-- version:1736963022 --><\/p>\n","protected":false},"excerpt":{"rendered":"<p>Bienes Ra\u00edces VISITA NUESTRO SITIO WEB DE BIENES RA\u00cdCES<\/p>\n","protected":false},"author":2,"featured_media":0,"parent":0,"menu_order":0,"comment_status":"closed","ping_status":"closed","template":"brizy-blank-template.php","meta":{"bgseo_title":"","bgseo_description":"","bgseo_robots_index":"index","bgseo_robots_follow":"follow","footnotes":""},"class_list":["post-10924","page","type-page","status-publish","hentry"],"yoast_head":"<!-- This site is optimized with the Yoast SEO plugin v24.9 - https:\/\/yoast.com\/wordpress\/plugins\/seo\/ -->\n<title>Bienes Ra\u00edces | Grupo Cronos<\/title>\n<meta name=\"description\" content=\"En Grupo Cronos nos dedicamos a la venta y alquiler de propiedades d\u00e1ndoles una asesor\u00eda personalizada. Ll\u00e1manos para mayor informaci\u00f3n.\" \/>\n<meta name=\"robots\" content=\"index, follow, max-snippet:-1, max-image-preview:large, max-video-preview:-1\" \/>\n<link rel=\"canonical\" href=\"http:\/\/grupocronoscr.com\/?page_id=10924\" \/>\n<meta property=\"og:locale\" content=\"en_US\" \/>\n<meta property=\"og:type\" content=\"article\" \/>\n<meta property=\"og:title\" content=\"Bienes Ra\u00edces - Grupo Cronos\" \/>\n<meta property=\"og:description\" content=\"En Grupo Cronos nos dedicamos a la venta y alquiler de propiedades d\u00e1ndoles una asesor\u00eda personalizada. Ll\u00e1manos para mayor informaci\u00f3n.\" \/>\n<meta property=\"og:url\" content=\"http:\/\/grupocronoscr.com\/?page_id=10924\" \/>\n<meta property=\"og:site_name\" content=\"Grupo Cronos\" \/>\n<meta property=\"article:publisher\" content=\"https:\/\/www.facebook.com\/GrupoCronosCR\" \/>\n<meta property=\"article:modified_time\" content=\"2025-07-23T12:23:43+00:00\" \/>\n<meta name=\"twitter:card\" content=\"summary_large_image\" \/>\n<script type=\"application\/ld+json\" class=\"yoast-schema-graph\">{\"@context\":\"https:\/\/schema.org\",\"@graph\":[{\"@type\":\"WebPage\",\"@id\":\"http:\/\/grupocronoscr.com\/?page_id=10924\",\"url\":\"http:\/\/grupocronoscr.com\/?page_id=10924\",\"name\":\"Bienes Ra\u00edces - Grupo Cronos\",\"isPartOf\":{\"@id\":\"https:\/\/grupocronoscr.com\/#website\"},\"datePublished\":\"2021-05-17T07:08:54+00:00\",\"dateModified\":\"2025-07-23T12:23:43+00:00\",\"description\":\"En Grupo Cronos nos dedicamos a la venta y alquiler de propiedades d\u00e1ndoles una asesor\u00eda personalizada. Ll\u00e1manos para mayor informaci\u00f3n.\",\"breadcrumb\":{\"@id\":\"http:\/\/grupocronoscr.com\/?page_id=10924#breadcrumb\"},\"inLanguage\":\"en-US\",\"potentialAction\":[{\"@type\":\"ReadAction\",\"target\":[\"http:\/\/grupocronoscr.com\/?page_id=10924\"]}]},{\"@type\":\"BreadcrumbList\",\"@id\":\"http:\/\/grupocronoscr.com\/?page_id=10924#breadcrumb\",\"itemListElement\":[{\"@type\":\"ListItem\",\"position\":1,\"name\":\"Home\",\"item\":\"https:\/\/grupocronoscr.com\/\"},{\"@type\":\"ListItem\",\"position\":2,\"name\":\"Bienes Ra\u00edces\"}]},{\"@type\":\"WebSite\",\"@id\":\"https:\/\/grupocronoscr.com\/#website\",\"url\":\"https:\/\/grupocronoscr.com\/\",\"name\":\"Grupo Cronos\",\"description\":\"\",\"potentialAction\":[{\"@type\":\"SearchAction\",\"target\":{\"@type\":\"EntryPoint\",\"urlTemplate\":\"https:\/\/grupocronoscr.com\/?s={search_term_string}\"},\"query-input\":{\"@type\":\"PropertyValueSpecification\",\"valueRequired\":true,\"valueName\":\"search_term_string\"}}],\"inLanguage\":\"en-US\"}]}<\/script>\n<!-- \/ Yoast SEO plugin. -->","yoast_head_json":{"title":"Bienes Ra\u00edces | Grupo Cronos","description":"En Grupo Cronos nos dedicamos a la venta y alquiler de propiedades d\u00e1ndoles una asesor\u00eda personalizada. Ll\u00e1manos para mayor informaci\u00f3n.","robots":{"index":"index","follow":"follow","max-snippet":"max-snippet:-1","max-image-preview":"max-image-preview:large","max-video-preview":"max-video-preview:-1"},"canonical":"http:\/\/grupocronoscr.com\/?page_id=10924","og_locale":"en_US","og_type":"article","og_title":"Bienes Ra\u00edces - Grupo Cronos","og_description":"En Grupo Cronos nos dedicamos a la venta y alquiler de propiedades d\u00e1ndoles una asesor\u00eda personalizada. Ll\u00e1manos para mayor informaci\u00f3n.","og_url":"http:\/\/grupocronoscr.com\/?page_id=10924","og_site_name":"Grupo Cronos","article_publisher":"https:\/\/www.facebook.com\/GrupoCronosCR","article_modified_time":"2025-07-23T12:23:43+00:00","twitter_card":"summary_large_image","schema":{"@context":"https:\/\/schema.org","@graph":[{"@type":"WebPage","@id":"http:\/\/grupocronoscr.com\/?page_id=10924","url":"http:\/\/grupocronoscr.com\/?page_id=10924","name":"Bienes Ra\u00edces - Grupo Cronos","isPartOf":{"@id":"https:\/\/grupocronoscr.com\/#website"},"datePublished":"2021-05-17T07:08:54+00:00","dateModified":"2025-07-23T12:23:43+00:00","description":"En Grupo Cronos nos dedicamos a la venta y alquiler de propiedades d\u00e1ndoles una asesor\u00eda personalizada. Ll\u00e1manos para mayor informaci\u00f3n.","breadcrumb":{"@id":"http:\/\/grupocronoscr.com\/?page_id=10924#breadcrumb"},"inLanguage":"en-US","potentialAction":[{"@type":"ReadAction","target":["http:\/\/grupocronoscr.com\/?page_id=10924"]}]},{"@type":"BreadcrumbList","@id":"http:\/\/grupocronoscr.com\/?page_id=10924#breadcrumb","itemListElement":[{"@type":"ListItem","position":1,"name":"Home","item":"https:\/\/grupocronoscr.com\/"},{"@type":"ListItem","position":2,"name":"Bienes Ra\u00edces"}]},{"@type":"WebSite","@id":"https:\/\/grupocronoscr.com\/#website","url":"https:\/\/grupocronoscr.com\/","name":"Grupo Cronos","description":"","potentialAction":[{"@type":"SearchAction","target":{"@type":"EntryPoint","urlTemplate":"https:\/\/grupocronoscr.com\/?s={search_term_string}"},"query-input":{"@type":"PropertyValueSpecification","valueRequired":true,"valueName":"search_term_string"}}],"inLanguage":"en-US"}]}},"_links":{"self":[{"href":"http:\/\/grupocronoscr.com\/index.php?rest_route=\/wp\/v2\/pages\/10924","targetHints":{"allow":["GET"]}}],"collection":[{"href":"http:\/\/grupocronoscr.com\/index.php?rest_route=\/wp\/v2\/pages"}],"about":[{"href":"http:\/\/grupocronoscr.com\/index.php?rest_route=\/wp\/v2\/types\/page"}],"author":[{"embeddable":true,"href":"http:\/\/grupocronoscr.com\/index.php?rest_route=\/wp\/v2\/users\/2"}],"replies":[{"embeddable":true,"href":"http:\/\/grupocronoscr.com\/index.php?rest_route=%2Fwp%2Fv2%2Fcomments&post=10924"}],"version-history":[{"count":10,"href":"http:\/\/grupocronoscr.com\/index.php?rest_route=\/wp\/v2\/pages\/10924\/revisions"}],"predecessor-version":[{"id":21741,"href":"http:\/\/grupocronoscr.com\/index.php?rest_route=\/wp\/v2\/pages\/10924\/revisions\/21741"}],"wp:attachment":[{"href":"http:\/\/grupocronoscr.com\/index.php?rest_route=%2Fwp%2Fv2%2Fmedia&parent=10924"}],"curies":[{"name":"wp","href":"https:\/\/api.w.org\/{rel}","templated":true}]}}