{"id":13902,"date":"2021-07-19T06:37:29","date_gmt":"2021-07-19T06:37:29","guid":{"rendered":"http:\/\/grupocronoscr.com\/?page_id=13902"},"modified":"2025-07-30T00:17:08","modified_gmt":"2025-07-30T06:17:08","slug":"contactenos-2","status":"publish","type":"page","link":"http:\/\/grupocronoscr.com\/?page_id=13902","title":{"rendered":"Cont\u00e1ctenos"},"content":{"rendered":"<div class=\"brz-root__container brz-reset-all brz brz-root__container-page\">\n<section id=\"_tuhzjjigjfdyxmnnnbweaunudhhfxcogomal\" class=\"brz-section brz-css-smrfwd\">\n<div class=\"brz-section__content brz-section--boxed brz-css-1tgu625 brz-css-wyd6re\" data-brz-custom-id=\"habjavfvykpuugmslobrmknfukziqykcdiwv\">\n<div class=\"brz-bg\">\n<div class=\"brz-bg-image\"><\/div>\n<div class=\"brz-bg-color\"><\/div>\n<\/div>\n<div class=\"brz-container brz-css-177ank brz-css-9i3s0o\">\n<div class=\"brz-row__container brz-css-zst0w3\" data-brz-custom-id=\"cjnttgmvanafxxcdugqxvhrbwrexvkymusar\">\n<div class=\"brz-bg\"><\/div>\n<div class=\"brz-row brz-css-1bdzvt0 brz-css-k9ynhm\">\n<div class=\"brz-columns brz-css-1wef3vv brz-css-1ugwsae\" data-brz-custom-id=\"smaqdjbcgjcgzadxbyzqjqtuexxgibkysmhx\">\n<div class=\"brz-bg\"><\/div>\n<div class=\"brz-column__items brz-css-1x5wr4q\">\n<div id=\"\" class=\"brz-css-vnjk7q brz-wrapper\">\n<div class=\"brz-rich-text brz-rich-text__custom brz-css-1kyx0tb\" data-brz-custom-id=\"moeydbbdwokpmrgffjlliwsafcnnzjvhhydp\">\n<div data-brz-translate-text=\"1\">\n<p class=\"brz-lh-sm-1_2 brz-lh-lg-1_3 brz-fs-sm-37 brz-fs-lg-38 brz-fw-sm-400 brz-fw-lg-400 brz-ft-google brz-ff-roboto_slab brz-ls-sm-0 brz-ls-lg-0 brz-text-lg-center brz-fss-xs-px brz-fw-xs-400 brz-ls-xs-0 brz-lh-xs-1_2 brz-tp-xs-empty brz-fs-xs-28 brz-css-n_BSW\" data-uniq-id=\"nzezh\" data-generated-css=\"brz-css-wnxgh\"><span class=\"brz-cp-color3\">\u00a1Cont\u00e1ctenos a trav\u00e9s de nuestros n\u00fameros telef\u00f3nicos o nuestras redes sociales!<\/span><\/p>\n<\/div>\n<\/div>\n<\/div>\n<\/div>\n<\/div>\n<\/div>\n<\/div>\n<div class=\"brz-row__container brz-css-zst0w3\" data-brz-custom-id=\"cyuwmkhpjlbbrsgoqyrmlrowucuixscsnpru\">\n<div class=\"brz-bg\"><\/div>\n<div class=\"brz-row brz-css-1bdzvt0 brz-css-k9ynhm\">\n<div class=\"brz-columns brz-css-1wef3vv brz-css-fftuhg\" data-brz-custom-id=\"lxyjhvkchtuttroofdznpbviikdlmqkmvwnp\">\n<div class=\"brz-bg\"><\/div>\n<div class=\"brz-column__items brz-css-1x5wr4q\">\n<div id=\"\" class=\"brz-css-vnjk7q brz-css-whodu3 brz-wrapper\">\n<div class=\"brz-spacer brz-css-qyb2jq\"><\/div>\n<\/div>\n<\/div>\n<\/div>\n<\/div>\n<\/div>\n<div class=\"brz-row__container brz-css-zst0w3\" data-brz-custom-id=\"xljsgxbkcgdiqyhiuksvosnmofnvyolsspxj\">\n<div class=\"brz-bg\"><\/div>\n<div class=\"brz-row brz-css-1bdzvt0 brz-css-k9ynhm\">\n<div class=\"brz-columns brz-css-1wef3vv brz-css-1tcpsij\" data-brz-custom-id=\"bvdrqyvnterbrjungxwxruqvfqakfatgihhz\">\n<div class=\"brz-bg\"><\/div>\n<div class=\"brz-column__items brz-css-1x5wr4q brz-css-140wfld\">\n<div class=\"brz-wrapper-clone brz-css-kd32w8\">\n<div class=\"brz-d-xs-flex brz-flex-xs-wrap brz-css-1mh2t4n\" data-brz-custom-id=\"\">\n<div class=\"brz-wrapper-clone__item\" id=\"gsjlsfrvjxujzzzzoiamsbcxqfplpueperyp\"><a class=\"brz-a brz-btn brz-css-7pbpn6 brz-css-1nkxduu brz-css-e6bky0 brz-css-105b94\" href=\"https:\/\/api.whatsapp.com\/send?phone=72307074\" target=\"_blank\" rel=\"noopener\" data-brz-link-type=\"external\" data-brz-custom-id=\"gsjlsfrvjxujzzzzoiamsbcxqfplpueperyp\"><span data-brz-translate-text=\"1\" class=\"brz-span brz-text__editor\">Whatsapp<\/span><\/a><\/div>\n<\/div>\n<\/div>\n<div class=\"brz-row__container brz-css-zst0w3\" data-brz-custom-id=\"lfpyrjjkkigbzmcofyodvucrinnzscrcswoj\">\n<div class=\"brz-bg\"><\/div>\n<div class=\"brz-row brz-row--inner brz-css-1bdzvt0 brz-css-k9ynhm\">\n<div class=\"brz-columns brz-css-1wef3vv brz-css-hxq2n4\" data-brz-custom-id=\"zwmawlrmplxjeojkswtkupsydotgbuqdtpqp\">\n<div class=\"brz-bg\"><\/div>\n<div class=\"brz-column__items brz-css-1x5wr4q\">\n<div class=\"brz-wrapper-clone brz-css-kd32w8\">\n<div class=\"brz-d-xs-flex brz-flex-xs-wrap brz-css-1mh2t4n\" data-brz-custom-id=\"\">\n<div class=\"brz-wrapper-clone__item\" id=\"ovhmeufkgnfbubsavwbygfqosqlfuraoamgu\"><a class=\"brz-a brz-btn brz-css-7pbpn6 brz-css-iz6ajh brz-css-e6bky0 brz-css-cnh57g\" href=\"https:\/\/instagram.com\/grupocronoscr\" target=\"_blank\" rel=\"noopener\" data-brz-link-type=\"external\" data-brz-custom-id=\"ovhmeufkgnfbubsavwbygfqosqlfuraoamgu\"><span data-brz-translate-text=\"1\" class=\"brz-span brz-text__editor\">Instagram<\/span><\/a><\/div>\n<\/div>\n<\/div>\n<\/div>\n<\/div>\n<\/div>\n<\/div>\n<div class=\"brz-row__container brz-css-zst0w3\" data-brz-custom-id=\"rvdslzzergyfzrkpkhuxqtebjzisndutiyhs\">\n<div class=\"brz-bg\"><\/div>\n<div class=\"brz-row brz-row--inner brz-css-1bdzvt0 brz-css-k9ynhm\">\n<div class=\"brz-columns brz-css-1wef3vv brz-css-1fs7hqq\" data-brz-custom-id=\"empgcgiqwcgpnqpzerfsfduxhzzcohwnsuwe\">\n<div class=\"brz-bg\"><\/div>\n<div class=\"brz-column__items brz-css-1x5wr4q\">\n<div class=\"brz-wrapper-clone brz-css-kd32w8\">\n<div class=\"brz-d-xs-flex brz-flex-xs-wrap brz-css-1mh2t4n\" data-brz-custom-id=\"\">\n<div class=\"brz-wrapper-clone__item\" id=\"ujkxbgesapmygcttywnjkuaayjuxkmhlqzae\"><a class=\"brz-a brz-btn brz-css-7pbpn6 brz-css-jn29zh brz-css-e6bky0 brz-css-1k7rkzd\" href=\"https:\/\/www.facebook.com\/GrupoCronosCR\" target=\"_blank\" rel=\"noopener\" data-brz-link-type=\"external\" data-brz-custom-id=\"ujkxbgesapmygcttywnjkuaayjuxkmhlqzae\"><span data-brz-translate-text=\"1\" class=\"brz-span brz-text__editor\">Facebook<\/span><\/a><\/div>\n<\/div>\n<\/div>\n<\/div>\n<\/div>\n<\/div>\n<\/div>\n<\/div>\n<\/div>\n<div class=\"brz-columns brz-css-1wef3vv brz-css-qr42l8\" data-brz-custom-id=\"uidzdujiufnndwzyfykutdmnxjmucyrqsxbb\">\n<div class=\"brz-bg\"><\/div>\n<div class=\"brz-column__items brz-css-1x5wr4q brz-css-19flkqe\">\n<div id=\"\" class=\"brz-css-vnjk7q brz-css-1yhbf75 brz-wrapper\">\n<div class=\"brz-image brz-css-1j9oxp5\" data-brz-custom-id=\"zwbjvajyqruwmftjabqdnhzyvlhdiurjonxb\"><img decoding=\"async\" class=\"brz-img\" src=\"http:\/\/grupocronoscr.com\/wp-content\/uploads\/brizy\/imgs\/pixlr-bg-result-1-590x590x51x0x487x590x1692217113.png\" alt=\"\" loading=\"lazy\"><\/div>\n<\/div>\n<\/div>\n<\/div>\n<\/div>\n<\/div>\n<\/div>\n<\/div>\n<\/section>\n<\/div>\n<p>    <!-- version:1737666401 --><\/p>\n","protected":false},"excerpt":{"rendered":"<p>\u00a1Cont\u00e1ctenos a trav\u00e9s de nuestros n\u00fameros telef\u00f3nicos o nuestras redes sociales! Whatsapp Instagram Facebook<\/p>\n","protected":false},"author":2,"featured_media":0,"parent":0,"menu_order":0,"comment_status":"closed","ping_status":"closed","template":"brizy-blank-template.php","meta":{"bgseo_title":"","bgseo_description":"","bgseo_robots_index":"index","bgseo_robots_follow":"follow","footnotes":""},"class_list":["post-13902","page","type-page","status-publish","hentry"],"yoast_head":"<!-- This site is optimized with the Yoast SEO plugin v24.9 - https:\/\/yoast.com\/wordpress\/plugins\/seo\/ -->\n<title>Cont\u00e1ctenos | Grupo Cronos<\/title>\n<meta name=\"description\" content=\"Tienes diferente opciones para contactarte con nosotros, por cualquier medio no dudes de hacernos parte de la construcci\u00f3n de tus sue\u00f1os. Llamamos.\" \/>\n<meta name=\"robots\" content=\"index, follow, max-snippet:-1, max-image-preview:large, max-video-preview:-1\" \/>\n<link rel=\"canonical\" href=\"http:\/\/grupocronoscr.com\/?page_id=13902\" \/>\n<meta property=\"og:locale\" content=\"en_US\" \/>\n<meta property=\"og:type\" content=\"article\" \/>\n<meta property=\"og:title\" content=\"Cont\u00e1ctenos - Grupo Cronos\" \/>\n<meta property=\"og:description\" content=\"Tienes diferente opciones para contactarte con nosotros, por cualquier medio no dudes de hacernos parte de la construcci\u00f3n de tus sue\u00f1os. Llamamos.\" \/>\n<meta property=\"og:url\" content=\"http:\/\/grupocronoscr.com\/?page_id=13902\" \/>\n<meta property=\"og:site_name\" content=\"Grupo Cronos\" \/>\n<meta property=\"article:publisher\" content=\"https:\/\/www.facebook.com\/GrupoCronosCR\" \/>\n<meta property=\"article:modified_time\" content=\"2025-07-30T06:17:08+00:00\" \/>\n<meta property=\"og:image\" content=\"http:\/\/grupocronoscr.com\/wp-content\/uploads\/brizy\/imgs\/pixlr-bg-result-1-590x590x51x0x487x590x1692217113.png\" \/>\n<meta name=\"twitter:card\" content=\"summary_large_image\" \/>\n<script type=\"application\/ld+json\" class=\"yoast-schema-graph\">{\"@context\":\"https:\/\/schema.org\",\"@graph\":[{\"@type\":\"WebPage\",\"@id\":\"http:\/\/grupocronoscr.com\/?page_id=13902\",\"url\":\"http:\/\/grupocronoscr.com\/?page_id=13902\",\"name\":\"Cont\u00e1ctenos - Grupo Cronos\",\"isPartOf\":{\"@id\":\"https:\/\/grupocronoscr.com\/#website\"},\"primaryImageOfPage\":{\"@id\":\"http:\/\/grupocronoscr.com\/?page_id=13902#primaryimage\"},\"image\":{\"@id\":\"http:\/\/grupocronoscr.com\/?page_id=13902#primaryimage\"},\"thumbnailUrl\":\"http:\/\/grupocronoscr.com\/wp-content\/uploads\/brizy\/imgs\/pixlr-bg-result-1-590x590x51x0x487x590x1692217113.png\",\"datePublished\":\"2021-07-19T06:37:29+00:00\",\"dateModified\":\"2025-07-30T06:17:08+00:00\",\"description\":\"Tienes diferente opciones para contactarte con nosotros, por cualquier medio no dudes de hacernos parte de la construcci\u00f3n de tus sue\u00f1os. Llamamos.\",\"breadcrumb\":{\"@id\":\"http:\/\/grupocronoscr.com\/?page_id=13902#breadcrumb\"},\"inLanguage\":\"en-US\",\"potentialAction\":[{\"@type\":\"ReadAction\",\"target\":[\"http:\/\/grupocronoscr.com\/?page_id=13902\"]}]},{\"@type\":\"ImageObject\",\"inLanguage\":\"en-US\",\"@id\":\"http:\/\/grupocronoscr.com\/?page_id=13902#primaryimage\",\"url\":\"http:\/\/grupocronoscr.com\/wp-content\/uploads\/brizy\/imgs\/pixlr-bg-result-1-590x590x51x0x487x590x1692217113.png\",\"contentUrl\":\"http:\/\/grupocronoscr.com\/wp-content\/uploads\/brizy\/imgs\/pixlr-bg-result-1-590x590x51x0x487x590x1692217113.png\"},{\"@type\":\"BreadcrumbList\",\"@id\":\"http:\/\/grupocronoscr.com\/?page_id=13902#breadcrumb\",\"itemListElement\":[{\"@type\":\"ListItem\",\"position\":1,\"name\":\"Home\",\"item\":\"https:\/\/grupocronoscr.com\/\"},{\"@type\":\"ListItem\",\"position\":2,\"name\":\"Cont\u00e1ctenos\"}]},{\"@type\":\"WebSite\",\"@id\":\"https:\/\/grupocronoscr.com\/#website\",\"url\":\"https:\/\/grupocronoscr.com\/\",\"name\":\"Grupo Cronos\",\"description\":\"\",\"potentialAction\":[{\"@type\":\"SearchAction\",\"target\":{\"@type\":\"EntryPoint\",\"urlTemplate\":\"https:\/\/grupocronoscr.com\/?s={search_term_string}\"},\"query-input\":{\"@type\":\"PropertyValueSpecification\",\"valueRequired\":true,\"valueName\":\"search_term_string\"}}],\"inLanguage\":\"en-US\"}]}<\/script>\n<!-- \/ Yoast SEO plugin. -->","yoast_head_json":{"title":"Cont\u00e1ctenos | Grupo Cronos","description":"Tienes diferente opciones para contactarte con nosotros, por cualquier medio no dudes de hacernos parte de la construcci\u00f3n de tus sue\u00f1os. Llamamos.","robots":{"index":"index","follow":"follow","max-snippet":"max-snippet:-1","max-image-preview":"max-image-preview:large","max-video-preview":"max-video-preview:-1"},"canonical":"http:\/\/grupocronoscr.com\/?page_id=13902","og_locale":"en_US","og_type":"article","og_title":"Cont\u00e1ctenos - Grupo Cronos","og_description":"Tienes diferente opciones para contactarte con nosotros, por cualquier medio no dudes de hacernos parte de la construcci\u00f3n de tus sue\u00f1os. Llamamos.","og_url":"http:\/\/grupocronoscr.com\/?page_id=13902","og_site_name":"Grupo Cronos","article_publisher":"https:\/\/www.facebook.com\/GrupoCronosCR","article_modified_time":"2025-07-30T06:17:08+00:00","og_image":[{"url":"http:\/\/grupocronoscr.com\/wp-content\/uploads\/brizy\/imgs\/pixlr-bg-result-1-590x590x51x0x487x590x1692217113.png","type":"","width":"","height":""}],"twitter_card":"summary_large_image","schema":{"@context":"https:\/\/schema.org","@graph":[{"@type":"WebPage","@id":"http:\/\/grupocronoscr.com\/?page_id=13902","url":"http:\/\/grupocronoscr.com\/?page_id=13902","name":"Cont\u00e1ctenos - Grupo Cronos","isPartOf":{"@id":"https:\/\/grupocronoscr.com\/#website"},"primaryImageOfPage":{"@id":"http:\/\/grupocronoscr.com\/?page_id=13902#primaryimage"},"image":{"@id":"http:\/\/grupocronoscr.com\/?page_id=13902#primaryimage"},"thumbnailUrl":"http:\/\/grupocronoscr.com\/wp-content\/uploads\/brizy\/imgs\/pixlr-bg-result-1-590x590x51x0x487x590x1692217113.png","datePublished":"2021-07-19T06:37:29+00:00","dateModified":"2025-07-30T06:17:08+00:00","description":"Tienes diferente opciones para contactarte con nosotros, por cualquier medio no dudes de hacernos parte de la construcci\u00f3n de tus sue\u00f1os. Llamamos.","breadcrumb":{"@id":"http:\/\/grupocronoscr.com\/?page_id=13902#breadcrumb"},"inLanguage":"en-US","potentialAction":[{"@type":"ReadAction","target":["http:\/\/grupocronoscr.com\/?page_id=13902"]}]},{"@type":"ImageObject","inLanguage":"en-US","@id":"http:\/\/grupocronoscr.com\/?page_id=13902#primaryimage","url":"http:\/\/grupocronoscr.com\/wp-content\/uploads\/brizy\/imgs\/pixlr-bg-result-1-590x590x51x0x487x590x1692217113.png","contentUrl":"http:\/\/grupocronoscr.com\/wp-content\/uploads\/brizy\/imgs\/pixlr-bg-result-1-590x590x51x0x487x590x1692217113.png"},{"@type":"BreadcrumbList","@id":"http:\/\/grupocronoscr.com\/?page_id=13902#breadcrumb","itemListElement":[{"@type":"ListItem","position":1,"name":"Home","item":"https:\/\/grupocronoscr.com\/"},{"@type":"ListItem","position":2,"name":"Cont\u00e1ctenos"}]},{"@type":"WebSite","@id":"https:\/\/grupocronoscr.com\/#website","url":"https:\/\/grupocronoscr.com\/","name":"Grupo Cronos","description":"","potentialAction":[{"@type":"SearchAction","target":{"@type":"EntryPoint","urlTemplate":"https:\/\/grupocronoscr.com\/?s={search_term_string}"},"query-input":{"@type":"PropertyValueSpecification","valueRequired":true,"valueName":"search_term_string"}}],"inLanguage":"en-US"}]}},"_links":{"self":[{"href":"http:\/\/grupocronoscr.com\/index.php?rest_route=\/wp\/v2\/pages\/13902","targetHints":{"allow":["GET"]}}],"collection":[{"href":"http:\/\/grupocronoscr.com\/index.php?rest_route=\/wp\/v2\/pages"}],"about":[{"href":"http:\/\/grupocronoscr.com\/index.php?rest_route=\/wp\/v2\/types\/page"}],"author":[{"embeddable":true,"href":"http:\/\/grupocronoscr.com\/index.php?rest_route=\/wp\/v2\/users\/2"}],"replies":[{"embeddable":true,"href":"http:\/\/grupocronoscr.com\/index.php?rest_route=%2Fwp%2Fv2%2Fcomments&post=13902"}],"version-history":[{"count":10,"href":"http:\/\/grupocronoscr.com\/index.php?rest_route=\/wp\/v2\/pages\/13902\/revisions"}],"predecessor-version":[{"id":22114,"href":"http:\/\/grupocronoscr.com\/index.php?rest_route=\/wp\/v2\/pages\/13902\/revisions\/22114"}],"wp:attachment":[{"href":"http:\/\/grupocronoscr.com\/index.php?rest_route=%2Fwp%2Fv2%2Fmedia&parent=13902"}],"curies":[{"name":"wp","href":"https:\/\/api.w.org\/{rel}","templated":true}]}}