{"id":17750,"date":"2021-09-07T09:02:59","date_gmt":"2021-09-07T09:02:59","guid":{"rendered":"http:\/\/grupocronoscr.com\/?page_id=17750"},"modified":"2025-08-11T10:49:48","modified_gmt":"2025-08-11T16:49:48","slug":"brizy-17750","status":"publish","type":"page","link":"http:\/\/grupocronoscr.com\/?page_id=17750","title":{"rendered":"Traslado de Hipoteca"},"content":{"rendered":"<div class=\"brz-root__container brz-reset-all brz brz-root__container-page\">\n<section id=\"_hrvsvmtosknpvytehhtygxmtzbukydlrgkkg\" class=\"brz-section brz-css-17g2md5\">\n<div class=\"brz-section__content brz-section--boxed brz-css-k4nspz brz-css-y26umi\" data-brz-custom-id=\"lhzjqypvrebybdhpkgztmzmysrtouvspeqii\">\n<div class=\"brz-bg\">\n<div class=\"brz-bg-image\"><\/div>\n<div class=\"brz-bg-color\"><\/div>\n<\/div>\n<div class=\"brz-container brz-css-1753gy9\">\n<div id=\"\" class=\"brz-css-114sdt9 brz-wrapper\">\n<div class=\"brz-rich-text brz-rich-text__custom brz-css-1dmmxj7\" data-brz-custom-id=\"xffoxxcztnuazjhtcvyykjzeowysaiaevdvs\">\n<div data-brz-translate-text=\"1\">\n<h1 class=\"brz-tp-lg-heading1 brz-text-lg-center brz-css-jkNxB\" data-generated-css=\"brz-css-egaam\" data-uniq-id=\"rgkja\"><span class=\"brz-cp-color3\">Traslado de Hipoteca<\/span><\/h1>\n<\/div>\n<\/div>\n<\/div>\n<div id=\"\" class=\"brz-css-114sdt9 brz-css-1lyaejw brz-css-ran3we brz-wrapper\">\n<div class=\"brz-spacer brz-css-9qgvor brz-css-mzv1uh\"><\/div>\n<\/div>\n<div id=\"\" class=\"brz-css-114sdt9 brz-css-1lyaejw brz-css-1wbr0wj brz-wrapper\">\n<div class=\"brz-spacer brz-css-9qgvor brz-css-akl0l8\"><\/div>\n<\/div>\n<div id=\"\" class=\"brz-css-114sdt9 brz-css-3zryiw brz-wrapper\">\n<div class=\"brz-line brz-line-default brz-css-n8j0lr brz-css-1885lwt\" data-brz-custom-id=\"hhjzkqbdgyhzbojybczthanqklvujeslwrap\">\n<hr class=\"brz-hr\"><\/div>\n<\/div>\n<div id=\"\" class=\"brz-css-114sdt9 brz-css-1lyaejw brz-css-187iuou brz-wrapper\">\n<div class=\"brz-spacer brz-css-9qgvor brz-css-7vqtz7\"><\/div>\n<\/div>\n<div class=\"brz-row__container brz-css-icluts\" data-brz-custom-id=\"dnnigcqnfwbyzjhtucljxlumoitslmutyoxe\">\n<div class=\"brz-bg\"><\/div>\n<div class=\"brz-row brz-css-gfyr6d brz-css-1n8zoav\">\n<div class=\"brz-columns brz-css-rp25kw brz-css-m7ey1f\" data-brz-custom-id=\"glmjwvikttlplkjpazdihmhegwbxcvoegfid\">\n<div class=\"brz-bg\"><\/div>\n<div class=\"brz-column__items brz-css-jyvl8a\">\n<div class=\"brz-wrapper-clone brz-css-8ipoan\">\n<div class=\"brz-d-xs-flex brz-flex-xs-wrap brz-css-1l7uk07\" data-brz-custom-id=\"\">\n<div class=\"brz-wrapper-clone__item\" id=\"ssyevjexrxzbhijsqyhwsbznyytsroeurkds\">\n<div class=\"brz-icon__container\" data-brz-custom-id=\"ssyevjexrxzbhijsqyhwsbznyytsroeurkds\"><span class=\"brz-icon brz-span brz-css-1vqdubw brz-css-y7rj50\"><\/span><\/div>\n<\/div>\n<\/div>\n<\/div>\n<div id=\"\" class=\"brz-css-114sdt9 brz-wrapper\">\n<div class=\"brz-rich-text brz-rich-text__custom brz-css-1dmmxj7\" data-brz-custom-id=\"cqeqohvpuiikdvhqtbagtrxhadewkyptlcud\">\n<div data-brz-translate-text=\"1\">\n<p class=\"brz-tp-lg-paragraph brz-text-lg-center brz-css-ayYzr\" data-generated-css=\"brz-css-nazcu\" data-uniq-id=\"pvaet\"><span class=\"brz-cp-color3\">Cuota mensual m\u00e1s baja<\/span><\/p>\n<\/div>\n<\/div>\n<\/div>\n<\/div>\n<\/div>\n<div class=\"brz-columns brz-css-rp25kw brz-css-1pk3z6u\" data-brz-custom-id=\"rrnzvqazzekkqtmlrvrcgsvvwpozkojktojb\">\n<div class=\"brz-bg\"><\/div>\n<div class=\"brz-column__items brz-css-jyvl8a\">\n<div class=\"brz-wrapper-clone brz-css-8ipoan\">\n<div class=\"brz-d-xs-flex brz-flex-xs-wrap brz-css-1l7uk07\" data-brz-custom-id=\"\">\n<div class=\"brz-wrapper-clone__item\" id=\"nnulqjoiykkuqpqiyprsbdoepmvwokzltvmd\">\n<div class=\"brz-icon__container\" data-brz-custom-id=\"nnulqjoiykkuqpqiyprsbdoepmvwokzltvmd\"><span class=\"brz-icon brz-span brz-css-1vqdubw brz-css-1e3g277\"><\/span><\/div>\n<\/div>\n<\/div>\n<\/div>\n<div id=\"\" class=\"brz-css-114sdt9 brz-wrapper\">\n<div class=\"brz-rich-text brz-rich-text__custom brz-css-1dmmxj7\" data-brz-custom-id=\"sbudtfdazbvkirjwlafzeatgnfohzrorueit\">\n<div data-brz-translate-text=\"1\">\n<p class=\"brz-text-lg-center brz-tp-lg-paragraph brz-css-ahaUO\" data-uniq-id=\"lumhr\" data-generated-css=\"brz-css-hcujw\"><span class=\"brz-cp-color3\">Monto m\u00e1ximo seg\u00fan capacidad de pago<\/span><\/p>\n<\/div>\n<\/div>\n<\/div>\n<\/div>\n<\/div>\n<div class=\"brz-columns brz-css-rp25kw brz-css-r1j4co\" data-brz-custom-id=\"oauklhzqwvcagrfnqpymwrgmitpynfumhmrj\">\n<div class=\"brz-bg\"><\/div>\n<div class=\"brz-column__items brz-css-jyvl8a\">\n<div class=\"brz-wrapper-clone brz-css-8ipoan\">\n<div class=\"brz-d-xs-flex brz-flex-xs-wrap brz-css-1l7uk07\" data-brz-custom-id=\"\">\n<div class=\"brz-wrapper-clone__item\" id=\"cxlpzndpetrfesctvbolwvyjdeofdghgiopm\">\n<div class=\"brz-icon__container\" data-brz-custom-id=\"cxlpzndpetrfesctvbolwvyjdeofdghgiopm\"><span class=\"brz-icon brz-span brz-css-1vqdubw brz-css-1my7jpv\"><\/span><\/div>\n<\/div>\n<\/div>\n<\/div>\n<div id=\"\" class=\"brz-css-114sdt9 brz-wrapper\">\n<div class=\"brz-rich-text brz-rich-text__custom brz-css-1dmmxj7\" data-brz-custom-id=\"ldwbmkxbypuqdhpeybogzrcvxoqvugofluxg\">\n<div data-brz-translate-text=\"1\">\n<p class=\"brz-tp-lg-paragraph brz-text-lg-center brz-css-wWJxv\" data-generated-css=\"brz-css-zhlrt\" data-uniq-id=\"unsyv\"><span class=\"brz-cp-color3\">Sin gastos legales<\/span><\/p>\n<\/div>\n<\/div>\n<\/div>\n<\/div>\n<\/div>\n<div class=\"brz-columns brz-css-rp25kw brz-css-14xj7hw\" data-brz-custom-id=\"tkxcxroupcqkqzkpqgegtozflaongxzoagre\">\n<div class=\"brz-bg\"><\/div>\n<div class=\"brz-column__items brz-css-jyvl8a\">\n<div class=\"brz-wrapper-clone brz-css-8ipoan\">\n<div class=\"brz-d-xs-flex brz-flex-xs-wrap brz-css-1l7uk07\" data-brz-custom-id=\"\">\n<div class=\"brz-wrapper-clone__item\" id=\"azqwckgqvcjfevmjubhecxmtqajoanijdhqn\">\n<div class=\"brz-icon__container\" data-brz-custom-id=\"azqwckgqvcjfevmjubhecxmtqajoanijdhqn\"><span class=\"brz-icon brz-span brz-css-1vqdubw brz-css-1xf4czt\"><\/span><\/div>\n<\/div>\n<\/div>\n<\/div>\n<div id=\"\" class=\"brz-css-114sdt9 brz-wrapper\">\n<div class=\"brz-rich-text brz-rich-text__custom brz-css-1dmmxj7\" data-brz-custom-id=\"dgejiymqzajievdhelwdeqskwobqjhjddkwb\">\n<div data-brz-translate-text=\"1\">\n<p class=\"brz-text-lg-center brz-tp-lg-paragraph brz-css-azwq1\" data-uniq-id=\"mupgb\" data-generated-css=\"brz-css-yddxy\"><span class=\"brz-cp-color3\">Sin gastos de aval\u00fao<\/span><\/p>\n<\/div>\n<\/div>\n<\/div>\n<\/div>\n<\/div>\n<div class=\"brz-columns brz-css-rp25kw brz-css-1wo0zac\" data-brz-custom-id=\"kjnmjtbejskzrzbtdnyahkimscsnylosgtvt\">\n<div class=\"brz-bg\"><\/div>\n<div class=\"brz-column__items brz-css-jyvl8a\">\n<div class=\"brz-wrapper-clone brz-css-8ipoan\">\n<div class=\"brz-d-xs-flex brz-flex-xs-wrap brz-css-1l7uk07\" data-brz-custom-id=\"\">\n<div class=\"brz-wrapper-clone__item\" id=\"vtxkvwynxvovvsbqjczxnaipfeabhmarzpqe\">\n<div class=\"brz-icon__container\" data-brz-custom-id=\"vtxkvwynxvovvsbqjczxnaipfeabhmarzpqe\"><span class=\"brz-icon brz-span brz-css-1vqdubw brz-css-zzn500\"><\/span><\/div>\n<\/div>\n<\/div>\n<\/div>\n<div id=\"\" class=\"brz-css-114sdt9 brz-wrapper\">\n<div class=\"brz-rich-text brz-rich-text__custom brz-css-1dmmxj7\" data-brz-custom-id=\"fppunzfswlqkzyagvirgqokcfgjecfsyeqct\">\n<div data-brz-translate-text=\"1\">\n<p class=\"brz-tp-lg-paragraph brz-text-lg-center brz-css-fm8Lq\" data-generated-css=\"brz-css-pyqzu\" data-uniq-id=\"qynqk\"><span class=\"brz-cp-color3\">R\u00e1pida comprobaci\u00f3n<\/span><\/p>\n<\/div>\n<\/div>\n<\/div>\n<\/div>\n<\/div>\n<\/div>\n<\/div>\n<div class=\"brz-row__container brz-css-icluts\" data-brz-custom-id=\"szqvaulsnfitcwkbxzcwfypwsczsrznbfulo\">\n<div class=\"brz-bg\"><\/div>\n<div class=\"brz-row brz-css-gfyr6d brz-css-1n8zoav\">\n<div class=\"brz-columns brz-css-rp25kw brz-css-na0ong\" data-brz-custom-id=\"yinwvpbezwsvsogwzqrcmrenizxroygnfyon\">\n<div class=\"brz-bg\"><\/div>\n<div class=\"brz-column__items brz-css-jyvl8a\">\n<div id=\"\" class=\"brz-css-114sdt9 brz-css-1lyaejw brz-wrapper\">\n<div class=\"brz-spacer brz-css-9qgvor brz-css-1xc66yl\"><\/div>\n<\/div>\n<div id=\"\" class=\"brz-css-114sdt9 brz-css-puz9vz brz-wrapper\">\n<div class=\"brz-rich-text brz-rich-text__custom brz-css-1dmmxj7\" data-brz-custom-id=\"nmrvycmzshqjkrtimnhsxjbdzemlayxqhynk\">\n<div data-brz-translate-text=\"1\">\n<h5 class=\"brz-tp-lg-empty brz-lh-lg-1_4 brz-ls-lg-0 brz-fw-lg-500 brz-fss-lg-px brz-fs-lg-23 brz-ft-google brz-ff-roboto_slab brz-text-lg-center brz-css-opOj8\" data-generated-css=\"brz-css-elbot\" data-uniq-id=\"wjzgc\"><strong class=\"brz-cp-color3\">\u00bfSab\u00eda que puede reducir la cuota mensual de su Cr\u00e9dito Hipotecario?<\/strong><\/h5>\n<\/div>\n<\/div>\n<\/div>\n<div id=\"\" class=\"brz-css-114sdt9 brz-css-z56055 brz-wrapper\">\n<div class=\"brz-rich-text brz-rich-text__custom brz-css-1dmmxj7\" data-brz-custom-id=\"uxiheitsardvefqdlsmdnptylcmvzomyzkbk\">\n<div data-brz-translate-text=\"1\">\n<p class=\"brz-text-lg-justify brz-tp-lg-paragraph brz-css-gE_2R\" data-generated-css=\"brz-css-lajpg\" data-uniq-id=\"vphti\">Al pasar los a\u00f1os, es muy probable que la cuota mensual de su hipoteca en otro banco sea mayor que al inicio. Le invitamos a trasladar su hipoteca de otro banco para que obtenga mejores condiciones y una cuota m\u00e1s c\u00f3moda. <\/p>\n<p class=\"brz-tp-lg-paragraph brz-text-lg-center brz-css-ijZ97\" data-uniq-id=\"aksui\" data-generated-css=\"brz-css-lrthx\"><\/p>\n<\/div>\n<\/div>\n<\/div>\n<\/div>\n<\/div>\n<\/div>\n<\/div>\n<div class=\"brz-row__container brz-css-icluts\" data-brz-custom-id=\"jvyuvemihulmhpzfgpffvqmgxhpuqmqcfjmf\">\n<div class=\"brz-bg\"><\/div>\n<div class=\"brz-row brz-css-gfyr6d brz-css-1n8zoav\">\n<div class=\"brz-columns brz-css-rp25kw brz-css-14ck155\" data-brz-custom-id=\"npdzziyfcgiaeoprxtufewgtydancynabwgg\">\n<div class=\"brz-bg\"><\/div>\n<div class=\"brz-column__items brz-css-jyvl8a brz-css-klbves\">\n<div id=\"\" class=\"brz-css-114sdt9 brz-wrapper\">\n<div class=\"brz-rich-text brz-rich-text__custom brz-css-1dmmxj7\" data-brz-custom-id=\"fdpdzuevcfkqouhnbusbmneqmpoiwfggskkn\">\n<div data-brz-translate-text=\"1\">\n<p class=\"brz-text-lg-center brz-fss-lg-px brz-fw-lg-400 brz-ls-lg-0 brz-lh-lg-1_6 brz-tp-lg-empty brz-ff-roboto_slab brz-ft-google brz-fs-lg-20 brz-css-qCFUe\" data-uniq-id=\"kpwcz\" data-generated-css=\"brz-css-tgqou\"><strong class=\"brz-cp-color3\">\u00bfPor qu\u00e9 trasladar su hipoteca?<\/strong><\/p>\n<\/div>\n<\/div>\n<\/div>\n<div id=\"\" class=\"brz-css-114sdt9 brz-css-jp2mz brz-wrapper\">\n<div class=\"brz-rich-text brz-rich-text__custom brz-css-1dmmxj7\" data-brz-custom-id=\"ftdkesjfqsutqcvjmiqooncuvmwxudivkzfe\">\n<div data-brz-translate-text=\"1\">\n<p class=\"brz-tp-lg-paragraph brz-text-lg-justify brz-css-oim2h\" data-generated-css=\"brz-css-gpbpt\" data-uniq-id=\"mmwcs\"><span class=\"brz-cp-color2\">Al trasladar obtienes mejores condiciones, una menor cuota mensual y mayor disponibilidad de efectivo en su hogar.<\/span><\/p>\n<\/div>\n<\/div>\n<\/div>\n<\/div>\n<\/div>\n<div class=\"brz-columns brz-css-rp25kw brz-css-o35ggj\" data-brz-custom-id=\"szwhzjbifoiqnakgtsgdsammypnoluumiebu\">\n<div class=\"brz-bg\"><\/div>\n<div class=\"brz-column__items brz-css-jyvl8a brz-css-2pg6z9\">\n<div id=\"\" class=\"brz-css-114sdt9 brz-css-1lyaejw brz-wrapper\">\n<div class=\"brz-spacer brz-css-9qgvor\"><\/div>\n<\/div>\n<\/div>\n<\/div>\n<div class=\"brz-columns brz-css-rp25kw brz-css-vl73hq\" data-brz-custom-id=\"oyxfdjskqaqxmjcbubhvyaumxcxaogvmnkej\">\n<div class=\"brz-bg\"><\/div>\n<div class=\"brz-column__items brz-css-jyvl8a brz-css-7dyow2\">\n<div id=\"\" class=\"brz-css-114sdt9 brz-wrapper\">\n<div class=\"brz-rich-text brz-rich-text__custom brz-css-1dmmxj7\" data-brz-custom-id=\"vkjxfixmbhvlihfkaabxpbnjyxekmktpxays\">\n<div data-brz-translate-text=\"1\">\n<p class=\"brz-fs-lg-20 brz-ft-google brz-ff-roboto_slab brz-tp-lg-empty brz-lh-lg-1_6 brz-ls-lg-0 brz-fw-lg-400 brz-fss-lg-px brz-text-lg-center brz-css-y8OGX\" data-generated-css=\"brz-css-nyaja\" data-uniq-id=\"zvdju\"><strong class=\"brz-cp-color3\">Consolide y respire tranquilidad<\/strong><\/p>\n<\/div>\n<\/div>\n<\/div>\n<div id=\"\" class=\"brz-css-114sdt9 brz-css-1eplzxd brz-wrapper\">\n<div class=\"brz-rich-text brz-rich-text__custom brz-css-1dmmxj7\" data-brz-custom-id=\"daymisycacvvwavapzdyqqgdnjamblbyidjt\">\n<div data-brz-translate-text=\"1\">\n<p class=\"brz-text-lg-justify brz-tp-lg-paragraph brz-css-j3UDF\" data-uniq-id=\"kzeth\" data-generated-css=\"brz-css-ctysz\"><span class=\"brz-cp-color2\">Consolidar sus deudas en un pr\u00e9stamo le beneficia, porque el pago m\u00ednimo mensual ser\u00e1 menor que pagarlas por separado.<\/span><\/p>\n<\/div>\n<\/div>\n<\/div>\n<\/div>\n<\/div>\n<div class=\"brz-columns brz-css-rp25kw brz-css-cztehw\" data-brz-custom-id=\"bjdaehxnszlyurzuafdgqzokixueekxzqhrn\">\n<div class=\"brz-bg\"><\/div>\n<div class=\"brz-column__items brz-css-jyvl8a brz-css-1v7smt5\">\n<div id=\"\" class=\"brz-css-114sdt9 brz-css-1lyaejw brz-wrapper\">\n<div class=\"brz-spacer brz-css-9qgvor\"><\/div>\n<\/div>\n<\/div>\n<\/div>\n<div class=\"brz-columns brz-css-rp25kw brz-css-17zm598\" data-brz-custom-id=\"cvjrtqwklfijwruerezyfifalvvtjbqvdxmy\">\n<div class=\"brz-bg\"><\/div>\n<div class=\"brz-column__items brz-css-jyvl8a brz-css-bpu2js\">\n<div id=\"\" class=\"brz-css-114sdt9 brz-wrapper\">\n<div class=\"brz-rich-text brz-rich-text__custom brz-css-1dmmxj7\" data-brz-custom-id=\"urfthqexlakrgrzgdsafqcdqpphnzvppmkcj\">\n<div data-brz-translate-text=\"1\">\n<p class=\"brz-fs-lg-20 brz-ft-google brz-ff-roboto_slab brz-tp-lg-empty brz-lh-lg-1_6 brz-ls-lg-0 brz-fw-lg-400 brz-fss-lg-px brz-text-lg-center brz-css-nVXEk\" data-generated-css=\"brz-css-urnwi\" data-uniq-id=\"dqxqo\"><strong class=\"brz-cp-color3\">Comience a reactivar sus planes<\/strong><\/p>\n<\/div>\n<\/div>\n<\/div>\n<div id=\"\" class=\"brz-css-114sdt9 brz-css-1gifmrd brz-wrapper\">\n<div class=\"brz-rich-text brz-rich-text__custom brz-css-1dmmxj7\" data-brz-custom-id=\"hkmzfbdjmpqtofgivkqksyyzftkpfhpoqipa\">\n<div data-brz-translate-text=\"1\">\n<p class=\"brz-text-lg-justify brz-tp-lg-paragraph brz-css-pLzET\" data-uniq-id=\"wcrsv\" data-generated-css=\"brz-css-exuvb\"><span class=\"brz-cp-color2\">Es momento de realizar sus sue\u00f1os, remodelar su hogar o un emprendimiento, estamos a su lado para hacerlo realidad.<\/span><\/p>\n<\/div>\n<\/div>\n<\/div>\n<\/div>\n<\/div>\n<\/div>\n<\/div>\n<\/div>\n<\/div>\n<\/section>\n<\/div>\n<p>    <!-- version:1736976899 --><\/p>\n","protected":false},"excerpt":{"rendered":"<p>Traslado de Hipoteca Cuota mensual m\u00e1s baja Monto m\u00e1ximo seg\u00fan capacidad de pago Sin gastos legales Sin gastos de aval\u00fao R\u00e1pida comprobaci\u00f3n \u00bfSab\u00eda que puede reducir la cuota mensual de [&hellip;]<\/p>\n","protected":false},"author":2,"featured_media":0,"parent":0,"menu_order":0,"comment_status":"closed","ping_status":"closed","template":"brizy-blank-template.php","meta":{"bgseo_title":"","bgseo_description":"","bgseo_robots_index":"index","bgseo_robots_follow":"follow","footnotes":""},"class_list":["post-17750","page","type-page","status-publish","hentry"],"yoast_head":"<!-- This site is optimized with the Yoast SEO plugin v24.9 - https:\/\/yoast.com\/wordpress\/plugins\/seo\/ -->\n<title>Traslado de Hipoteca | Grupo Cronos<\/title>\n<meta name=\"description\" content=\"Ahora puede trasladar su hipoteca a un solo banco, y recibir beneficios. Si quiere saber m\u00e1s de este servicio, cont\u00e1ctenos.\" \/>\n<meta name=\"robots\" content=\"index, follow, max-snippet:-1, max-image-preview:large, max-video-preview:-1\" \/>\n<link rel=\"canonical\" href=\"http:\/\/grupocronoscr.com\/?page_id=17750\" \/>\n<meta property=\"og:locale\" content=\"en_US\" \/>\n<meta property=\"og:type\" content=\"article\" \/>\n<meta property=\"og:title\" content=\"Traslado de Hipoteca - Grupo Cronos\" \/>\n<meta property=\"og:description\" content=\"Ahora puede trasladar su hipoteca a un solo banco, y recibir beneficios. Si quiere saber m\u00e1s de este servicio, cont\u00e1ctenos.\" \/>\n<meta property=\"og:url\" content=\"http:\/\/grupocronoscr.com\/?page_id=17750\" \/>\n<meta property=\"og:site_name\" content=\"Grupo Cronos\" \/>\n<meta property=\"article:publisher\" content=\"https:\/\/www.facebook.com\/GrupoCronosCR\" \/>\n<meta property=\"article:modified_time\" content=\"2025-08-11T16:49:48+00:00\" \/>\n<meta name=\"twitter:card\" content=\"summary_large_image\" \/>\n<meta name=\"twitter:label1\" content=\"Est. reading time\" \/>\n\t<meta name=\"twitter:data1\" content=\"1 minute\" \/>\n<script type=\"application\/ld+json\" class=\"yoast-schema-graph\">{\"@context\":\"https:\/\/schema.org\",\"@graph\":[{\"@type\":\"WebPage\",\"@id\":\"http:\/\/grupocronoscr.com\/?page_id=17750\",\"url\":\"http:\/\/grupocronoscr.com\/?page_id=17750\",\"name\":\"Traslado de Hipoteca - Grupo Cronos\",\"isPartOf\":{\"@id\":\"https:\/\/grupocronoscr.com\/#website\"},\"datePublished\":\"2021-09-07T09:02:59+00:00\",\"dateModified\":\"2025-08-11T16:49:48+00:00\",\"description\":\"Ahora puede trasladar su hipoteca a un solo banco, y recibir beneficios. Si quiere saber m\u00e1s de este servicio, cont\u00e1ctenos.\",\"breadcrumb\":{\"@id\":\"http:\/\/grupocronoscr.com\/?page_id=17750#breadcrumb\"},\"inLanguage\":\"en-US\",\"potentialAction\":[{\"@type\":\"ReadAction\",\"target\":[\"http:\/\/grupocronoscr.com\/?page_id=17750\"]}]},{\"@type\":\"BreadcrumbList\",\"@id\":\"http:\/\/grupocronoscr.com\/?page_id=17750#breadcrumb\",\"itemListElement\":[{\"@type\":\"ListItem\",\"position\":1,\"name\":\"Home\",\"item\":\"https:\/\/grupocronoscr.com\/\"},{\"@type\":\"ListItem\",\"position\":2,\"name\":\"Traslado de Hipoteca\"}]},{\"@type\":\"WebSite\",\"@id\":\"https:\/\/grupocronoscr.com\/#website\",\"url\":\"https:\/\/grupocronoscr.com\/\",\"name\":\"Grupo Cronos\",\"description\":\"\",\"potentialAction\":[{\"@type\":\"SearchAction\",\"target\":{\"@type\":\"EntryPoint\",\"urlTemplate\":\"https:\/\/grupocronoscr.com\/?s={search_term_string}\"},\"query-input\":{\"@type\":\"PropertyValueSpecification\",\"valueRequired\":true,\"valueName\":\"search_term_string\"}}],\"inLanguage\":\"en-US\"}]}<\/script>\n<!-- \/ Yoast SEO plugin. -->","yoast_head_json":{"title":"Traslado de Hipoteca | Grupo Cronos","description":"Ahora puede trasladar su hipoteca a un solo banco, y recibir beneficios. Si quiere saber m\u00e1s de este servicio, cont\u00e1ctenos.","robots":{"index":"index","follow":"follow","max-snippet":"max-snippet:-1","max-image-preview":"max-image-preview:large","max-video-preview":"max-video-preview:-1"},"canonical":"http:\/\/grupocronoscr.com\/?page_id=17750","og_locale":"en_US","og_type":"article","og_title":"Traslado de Hipoteca - Grupo Cronos","og_description":"Ahora puede trasladar su hipoteca a un solo banco, y recibir beneficios. Si quiere saber m\u00e1s de este servicio, cont\u00e1ctenos.","og_url":"http:\/\/grupocronoscr.com\/?page_id=17750","og_site_name":"Grupo Cronos","article_publisher":"https:\/\/www.facebook.com\/GrupoCronosCR","article_modified_time":"2025-08-11T16:49:48+00:00","twitter_card":"summary_large_image","twitter_misc":{"Est. reading time":"1 minute"},"schema":{"@context":"https:\/\/schema.org","@graph":[{"@type":"WebPage","@id":"http:\/\/grupocronoscr.com\/?page_id=17750","url":"http:\/\/grupocronoscr.com\/?page_id=17750","name":"Traslado de Hipoteca - Grupo Cronos","isPartOf":{"@id":"https:\/\/grupocronoscr.com\/#website"},"datePublished":"2021-09-07T09:02:59+00:00","dateModified":"2025-08-11T16:49:48+00:00","description":"Ahora puede trasladar su hipoteca a un solo banco, y recibir beneficios. Si quiere saber m\u00e1s de este servicio, cont\u00e1ctenos.","breadcrumb":{"@id":"http:\/\/grupocronoscr.com\/?page_id=17750#breadcrumb"},"inLanguage":"en-US","potentialAction":[{"@type":"ReadAction","target":["http:\/\/grupocronoscr.com\/?page_id=17750"]}]},{"@type":"BreadcrumbList","@id":"http:\/\/grupocronoscr.com\/?page_id=17750#breadcrumb","itemListElement":[{"@type":"ListItem","position":1,"name":"Home","item":"https:\/\/grupocronoscr.com\/"},{"@type":"ListItem","position":2,"name":"Traslado de Hipoteca"}]},{"@type":"WebSite","@id":"https:\/\/grupocronoscr.com\/#website","url":"https:\/\/grupocronoscr.com\/","name":"Grupo Cronos","description":"","potentialAction":[{"@type":"SearchAction","target":{"@type":"EntryPoint","urlTemplate":"https:\/\/grupocronoscr.com\/?s={search_term_string}"},"query-input":{"@type":"PropertyValueSpecification","valueRequired":true,"valueName":"search_term_string"}}],"inLanguage":"en-US"}]}},"_links":{"self":[{"href":"http:\/\/grupocronoscr.com\/index.php?rest_route=\/wp\/v2\/pages\/17750","targetHints":{"allow":["GET"]}}],"collection":[{"href":"http:\/\/grupocronoscr.com\/index.php?rest_route=\/wp\/v2\/pages"}],"about":[{"href":"http:\/\/grupocronoscr.com\/index.php?rest_route=\/wp\/v2\/types\/page"}],"author":[{"embeddable":true,"href":"http:\/\/grupocronoscr.com\/index.php?rest_route=\/wp\/v2\/users\/2"}],"replies":[{"embeddable":true,"href":"http:\/\/grupocronoscr.com\/index.php?rest_route=%2Fwp%2Fv2%2Fcomments&post=17750"}],"version-history":[{"count":7,"href":"http:\/\/grupocronoscr.com\/index.php?rest_route=\/wp\/v2\/pages\/17750\/revisions"}],"predecessor-version":[{"id":21756,"href":"http:\/\/grupocronoscr.com\/index.php?rest_route=\/wp\/v2\/pages\/17750\/revisions\/21756"}],"wp:attachment":[{"href":"http:\/\/grupocronoscr.com\/index.php?rest_route=%2Fwp%2Fv2%2Fmedia&parent=17750"}],"curies":[{"name":"wp","href":"https:\/\/api.w.org\/{rel}","templated":true}]}}